{"id":151,"date":"2022-03-07T08:35:39","date_gmt":"2022-03-07T07:35:39","guid":{"rendered":"https:\/\/mallar.visionmedia.nu\/mall25\/?page_id=151"},"modified":"2023-03-09T13:12:11","modified_gmt":"2023-03-09T12:12:11","slug":"hem","status":"publish","type":"page","link":"https:\/\/design.visionmedia.nu\/design25\/","title":{"rendered":"Hem"},"content":{"rendered":"<p>[et_pb_section fb_built=&#8221;1&#8243; _builder_version=&#8221;4.16&#8243; _module_preset=&#8221;default&#8221; background_color=&#8221;rgba(0,0,0,0.65)&#8221; background_image=&#8221;https:\/\/design.visionmedia.nu\/design25\/wp-content\/uploads\/2022\/03\/hero.jpg&#8221; background_position=&#8221;bottom_center&#8221; background_blend=&#8221;overlay&#8221; custom_margin=&#8221;||||false|false&#8221; custom_padding=&#8221;12vw||12vw||false|false&#8221; border_color_all=&#8221;RGBA(255,255,255,0)&#8221; border_width_right=&#8221;0.5px&#8221; border_color_right=&#8221;#333333&#8243; border_width_bottom=&#8221;0.5px&#8221; border_color_bottom=&#8221;#333333&#8243; border_width_left=&#8221;0.5px&#8221; border_color_left=&#8221;#333333&#8243; global_colors_info=&#8221;{}&#8221;][et_pb_row _builder_version=&#8221;4.16&#8243; _module_preset=&#8221;default&#8221; max_width=&#8221;100%&#8221; custom_margin=&#8221;||50px||false|false&#8221; custom_padding=&#8221;||||true|false&#8221; global_colors_info=&#8221;{}&#8221;][et_pb_column type=&#8221;4_4&#8243; _builder_version=&#8221;4.16&#8243; _module_preset=&#8221;default&#8221; global_colors_info=&#8221;{}&#8221;][et_pb_text _builder_version=&#8221;4.18.0&#8243; _module_preset=&#8221;default&#8221; header_font=&#8221;|900||on||||#ff4f28|&#8221; header_text_color=&#8221;#FFFFFF&#8221; header_font_size=&#8221;62px&#8221; header_text_shadow_style=&#8221;preset3&#8243; global_colors_info=&#8221;{}&#8221;]<\/p>\n<h1>V\u00e4lkommen till<br \/>Vision <span style=\"color: #ff4f28;\">M\u00e5leri<\/span><\/h1>\n<p>[\/et_pb_text][\/et_pb_column][\/et_pb_row][\/et_pb_section][et_pb_section fb_built=&#8221;1&#8243; _builder_version=&#8221;4.16&#8243; _module_preset=&#8221;default&#8221; background_enable_color=&#8221;off&#8221; global_colors_info=&#8221;{}&#8221;][et_pb_row column_structure=&#8221;1_2,1_4,1_4&#8243; use_custom_gutter=&#8221;on&#8221; gutter_width=&#8221;2&#8243; _builder_version=&#8221;4.16&#8243; _module_preset=&#8221;default&#8221; max_width=&#8221;100%&#8221; custom_margin=&#8221;0px||0px||false|false&#8221; custom_padding=&#8221;0px||0px||false|false&#8221; global_colors_info=&#8221;{}&#8221;][et_pb_column type=&#8221;1_2&#8243; _builder_version=&#8221;4.16&#8243; _module_preset=&#8221;default&#8221; background_color=&#8221;rgba(0,0,0,0.65)&#8221; background_image=&#8221;https:\/\/design.visionmedia.nu\/design25\/wp-content\/uploads\/2022\/03\/cta-1.jpg&#8221; background_blend=&#8221;overlay&#8221; link_option_url=&#8221;#&#8221; border_width_all=&#8221;5px&#8221; border_color_all=&#8221;#FFFFFF&#8221; box_shadow_style=&#8221;preset1&#8243; box_shadow_vertical=&#8221;1px&#8221; global_colors_info=&#8221;{}&#8221; filter_saturate__hover_enabled=&#8221;on|hover&#8221; filter_saturate__hover=&#8221;0%&#8221;][et_pb_text _builder_version=&#8221;4.18.0&#8243; _module_preset=&#8221;default&#8221; header_font=&#8221;|600|||||||&#8221; header_3_font=&#8221;|900||on|||||&#8221; header_3_text_color=&#8221;#FFFFFF&#8221; header_3_font_size=&#8221;35px&#8221; custom_margin=&#8221;||0px||false|false&#8221; custom_padding=&#8221;12vw|1vw|0px|1vw|false|false&#8221; custom_padding_tablet=&#8221;15vw||||false|false&#8221; custom_padding_phone=&#8221;20vw||||false|false&#8221; custom_padding_last_edited=&#8221;on|phone&#8221; header_3_text_shadow_style=&#8221;preset3&#8243; global_colors_info=&#8221;{}&#8221;]<\/p>\n<h3>Tj\u00e4nster<\/h3>\n<p>[\/et_pb_text][et_pb_divider color=&#8221;#ff4f28&#8243; divider_weight=&#8221;3px&#8221; _builder_version=&#8221;4.16&#8243; _module_preset=&#8221;default&#8221; custom_margin=&#8221;-13px||||false|false&#8221; custom_padding=&#8221;0px|67%||1vw|false|false&#8221; custom_css_main_element=&#8221;z-index: -1;&#8221; global_colors_info=&#8221;{}&#8221;][\/et_pb_divider][\/et_pb_column][et_pb_column type=&#8221;1_4&#8243; _builder_version=&#8221;4.16&#8243; _module_preset=&#8221;default&#8221; background_color=&#8221;rgba(0,0,0,0.65)&#8221; background_image=&#8221;https:\/\/design.visionmedia.nu\/design25\/wp-content\/uploads\/2022\/03\/cta-2.jpg&#8221; background_blend=&#8221;overlay&#8221; link_option_url=&#8221;#&#8221; border_width_all=&#8221;5px&#8221; border_color_all=&#8221;#FFFFFF&#8221; box_shadow_style=&#8221;preset1&#8243; global_colors_info=&#8221;{}&#8221; filter_saturate__hover_enabled=&#8221;on|hover&#8221; filter_saturate__hover=&#8221;0%&#8221;][et_pb_text _builder_version=&#8221;4.18.0&#8243; _module_preset=&#8221;default&#8221; header_font=&#8221;|600|||||||&#8221; header_3_font=&#8221;|900||on|||||&#8221; header_3_text_color=&#8221;#FFFFFF&#8221; header_3_font_size=&#8221;35px&#8221; custom_margin=&#8221;||0px||false|false&#8221; custom_padding=&#8221;12vw|1vw|0px|1vw|false|false&#8221; custom_padding_tablet=&#8221;15vw||||false|false&#8221; custom_padding_phone=&#8221;20vw||||false|false&#8221; custom_padding_last_edited=&#8221;on|phone&#8221; header_3_text_shadow_style=&#8221;preset3&#8243; global_colors_info=&#8221;{}&#8221;]<\/p>\n<h3>Om oss<\/h3>\n<p>[\/et_pb_text][et_pb_divider color=&#8221;#ff4f28&#8243; divider_weight=&#8221;3px&#8221; _builder_version=&#8221;4.16&#8243; _module_preset=&#8221;default&#8221; custom_margin=&#8221;-13px||||false|false&#8221; custom_padding=&#8221;0px|50%||1vw|false|false&#8221; custom_css_main_element=&#8221;z-index: -1;&#8221; global_colors_info=&#8221;{}&#8221;][\/et_pb_divider][\/et_pb_column][et_pb_column type=&#8221;1_4&#8243; _builder_version=&#8221;4.16&#8243; _module_preset=&#8221;default&#8221; background_color=&#8221;rgba(0,0,0,0.65)&#8221; background_image=&#8221;https:\/\/design.visionmedia.nu\/design25\/wp-content\/uploads\/2022\/03\/cta-3.jpg&#8221; background_blend=&#8221;overlay&#8221; link_option_url=&#8221;#&#8221; border_width_all=&#8221;5px&#8221; border_color_all=&#8221;#FFFFFF&#8221; box_shadow_style=&#8221;preset1&#8243; global_colors_info=&#8221;{}&#8221; filter_saturate__hover_enabled=&#8221;on|hover&#8221; filter_saturate__hover=&#8221;0%&#8221;][et_pb_text _builder_version=&#8221;4.18.0&#8243; _module_preset=&#8221;default&#8221; header_font=&#8221;|600|||||||&#8221; header_3_font=&#8221;|900||on|||||&#8221; header_3_text_color=&#8221;#FFFFFF&#8221; header_3_font_size=&#8221;35px&#8221; custom_margin=&#8221;||0px||false|false&#8221; custom_padding=&#8221;12vw|1vw|0px|1vw|false|false&#8221; custom_padding_tablet=&#8221;15vw||||false|false&#8221; custom_padding_phone=&#8221;20vw||||false|false&#8221; custom_padding_last_edited=&#8221;on|phone&#8221; header_3_text_shadow_style=&#8221;preset3&#8243; global_colors_info=&#8221;{}&#8221;]<\/p>\n<h3>Kontakt<\/h3>\n<p>[\/et_pb_text][et_pb_divider color=&#8221;#ff4f28&#8243; divider_weight=&#8221;3px&#8221; _builder_version=&#8221;4.16&#8243; _module_preset=&#8221;default&#8221; custom_margin=&#8221;-13px||||false|false&#8221; custom_padding=&#8221;0px|50%||1vw|false|false&#8221; custom_css_main_element=&#8221;z-index: -1;&#8221; global_colors_info=&#8221;{}&#8221;][\/et_pb_divider][\/et_pb_column][\/et_pb_row][\/et_pb_section][et_pb_section fb_built=&#8221;1&#8243; _builder_version=&#8221;4.16&#8243; _module_preset=&#8221;default&#8221; background_enable_color=&#8221;off&#8221; global_colors_info=&#8221;{}&#8221;][et_pb_row column_structure=&#8221;1_2,1_2&#8243; _builder_version=&#8221;4.16&#8243; _module_preset=&#8221;default&#8221; max_width=&#8221;100%&#8221; global_colors_info=&#8221;{}&#8221;][et_pb_column type=&#8221;1_2&#8243; _builder_version=&#8221;4.16&#8243; _module_preset=&#8221;default&#8221; global_colors_info=&#8221;{}&#8221;][et_pb_text _builder_version=&#8221;4.18.0&#8243; _module_preset=&#8221;default&#8221; header_font=&#8221;|600|||||||&#8221; header_3_font=&#8221;|900||on|||||&#8221; header_3_font_size=&#8221;35px&#8221; custom_margin=&#8221;||0px||false|false&#8221; custom_padding=&#8221;1vw||5px||false|false&#8221; global_colors_info=&#8221;{}&#8221;]<\/p>\n<h3>Om v\u00e5rt m\u00e5leri<\/h3>\n<p>[\/et_pb_text][et_pb_text _builder_version=&#8221;4.18.0&#8243; _module_preset=&#8221;default&#8221; text_font=&#8221;||||||||&#8221; text_font_size=&#8221;16px&#8221; custom_margin=&#8221;0px||20px||false|false&#8221; custom_padding=&#8221;0px||0px||false|false&#8221; global_colors_info=&#8221;{}&#8221;]<\/p>\n<p><strong>Lorem ipsum dolor sit amet, consectetuer adipiscing elit. Aenean commodo ligula eget dolor.<\/strong> Aenean massa. Cum sociis natoque penatibus et magnis dis parturient montes, nascetur ridiculus mus. Donec quam felis, ultricies nec, pellentesque eu, pretium quis, sem. Nulla consequat massa quis enim. Donec pede justo, fringilla vel, aliquet nec, vulputate eget, arcu. In enim justo, rhoncus ut, imperdiet a, venenatis vitae, justo. Nullam dictum felis eu pede mollis pretium. Integer tincidunt. Cras dapibus. Vivamus elementum semper nisi. Aenean vulputate eleifend tellus. Aenean leo ligula, porttitor eu, consequat vitae, eleifend ac, enim. Aliquam lorem ante, dapibus in, viverra quis, feugiat a, tellus. Phasellus viverra nulla ut metus varius laoreet. Quisque rutrum. Aenean imperdiet. Etiam ultricies nisi vel augue. Curabitur ullamcorper ultricies nisi. Nam eget dui. Etiam rhoncus. Maecenas tempus, tellus eget condimentum rhoncus, sem quam semper libero, sit amet adipiscing sem neque sed ipsum. Nam quam nunc, blandit vel, luctus pulvinar,<\/p>\n<p>[\/et_pb_text][et_pb_button button_text=&#8221;Kontakta oss&#8221; _builder_version=&#8221;4.18.0&#8243; _module_preset=&#8221;default&#8221; custom_button=&#8221;on&#8221; button_text_color=&#8221;#FFFFFF&#8221; button_bg_color=&#8221;#ff4f28&#8243; button_border_color=&#8221;#ff4f28&#8243; button_border_radius=&#8221;2px&#8221; button_font=&#8221;|900||on|||||&#8221; custom_margin=&#8221;||||false|false&#8221; custom_padding=&#8221;|5%||5%|false|true&#8221; box_shadow_style=&#8221;preset1&#8243; box_shadow_color=&#8221;rgba(0,0,0,0.1)&#8221; global_colors_info=&#8221;{}&#8221;][\/et_pb_button][\/et_pb_column][et_pb_column type=&#8221;1_2&#8243; _builder_version=&#8221;4.16&#8243; _module_preset=&#8221;default&#8221; global_colors_info=&#8221;{}&#8221;][et_pb_image src=&#8221;https:\/\/design.visionmedia.nu\/design25\/wp-content\/uploads\/2023\/03\/design-25-front.jpg&#8221; title_text=&#8221;design-25-front&#8221; _builder_version=&#8221;4.18.0&#8243; _module_preset=&#8221;default&#8221; hover_enabled=&#8221;0&#8243; global_colors_info=&#8221;{}&#8221; sticky_enabled=&#8221;0&#8243;][\/et_pb_image][\/et_pb_column][\/et_pb_row][\/et_pb_section]<\/p>\n","protected":false},"excerpt":{"rendered":"<p>V\u00e4lkommen tillVision M\u00e5leriTj\u00e4nsterOm ossKontaktOm v\u00e5rt m\u00e5leriLorem ipsum dolor sit amet, consectetuer adipiscing elit. Aenean commodo ligula eget dolor. Aenean massa. Cum sociis natoque penatibus et magnis dis parturient montes, nascetur ridiculus mus. Donec quam felis, ultricies nec, pellentesque eu, pretium quis, sem. Nulla consequat massa quis enim. Donec pede justo, fringilla vel, aliquet nec, vulputate [&hellip;]<\/p>\n","protected":false},"author":1,"featured_media":0,"parent":0,"menu_order":0,"comment_status":"closed","ping_status":"closed","template":"","meta":{"_et_pb_use_builder":"on","_et_pb_old_content":"","_et_gb_content_width":"","footnotes":""},"class_list":["post-151","page","type-page","status-publish","hentry"],"_links":{"self":[{"href":"https:\/\/design.visionmedia.nu\/design25\/wp-json\/wp\/v2\/pages\/151","targetHints":{"allow":["GET"]}}],"collection":[{"href":"https:\/\/design.visionmedia.nu\/design25\/wp-json\/wp\/v2\/pages"}],"about":[{"href":"https:\/\/design.visionmedia.nu\/design25\/wp-json\/wp\/v2\/types\/page"}],"author":[{"embeddable":true,"href":"https:\/\/design.visionmedia.nu\/design25\/wp-json\/wp\/v2\/users\/1"}],"replies":[{"embeddable":true,"href":"https:\/\/design.visionmedia.nu\/design25\/wp-json\/wp\/v2\/comments?post=151"}],"version-history":[{"count":25,"href":"https:\/\/design.visionmedia.nu\/design25\/wp-json\/wp\/v2\/pages\/151\/revisions"}],"predecessor-version":[{"id":25565,"href":"https:\/\/design.visionmedia.nu\/design25\/wp-json\/wp\/v2\/pages\/151\/revisions\/25565"}],"wp:attachment":[{"href":"https:\/\/design.visionmedia.nu\/design25\/wp-json\/wp\/v2\/media?parent=151"}],"curies":[{"name":"wp","href":"https:\/\/api.w.org\/{rel}","templated":true}]}}